{"id":14075,"date":"2026-01-28T12:20:57","date_gmt":"2026-01-28T12:20:57","guid":{"rendered":"https:\/\/rarename.shop\/?post_type=product&#038;p=14075"},"modified":"2026-01-28T12:21:24","modified_gmt":"2026-01-28T12:21:24","slug":"netto-xxl-probierbox-fur-nur-2490-50-sparen-mix-aus-20-artikeln-aus-dem-netto-eigenmarkensortiment-marken-discount","status":"publish","type":"product","link":"https:\/\/rarename.shop\/es\/producto\/netto-xxl-probierbox-fur-nur-2490-50-sparen-mix-aus-20-artikeln-aus-dem-netto-eigenmarkensortiment-marken-discount\/","title":{"rendered":"Netto XXL-Probierbox f\u00fcr nur 24,90 50% sparen - Mix aus 20 Artikeln aus dem Netto-Eigenmarkensortiment Marken-Discount"},"content":{"rendered":"<p><img loading=\"lazy\" decoding=\"async\" width=\"384\" height=\"384\" src=\"https:\/\/teal-lobster-750471.hostingersite.com\/wp-content\/uploads\/2026\/01\/157df0770e8c4bf09883e1d474ee6ddd.jpegtplv-a9rns2rl98-downsize_watermark_1_5_b-4.png\" alt=\"\" srcset=\"https:\/\/teal-lobster-750471.hostingersite.com\/wp-content\/uploads\/2026\/01\/157df0770e8c4bf09883e1d474ee6ddd.jpegtplv-a9rns2rl98-downsize_watermark_1_5_b-4.png 384w, https:\/\/teal-lobster-750471.hostingersite.com\/wp-content\/uploads\/2026\/01\/157df0770e8c4bf09883e1d474ee6ddd.jpegtplv-a9rns2rl98-downsize_watermark_1_5_b-4-300x300.png 300w, https:\/\/teal-lobster-750471.hostingersite.com\/wp-content\/uploads\/2026\/01\/157df0770e8c4bf09883e1d474ee6ddd.jpegtplv-a9rns2rl98-downsize_watermark_1_5_b-4-150x150.png 150w, https:\/\/teal-lobster-750471.hostingersite.com\/wp-content\/uploads\/2026\/01\/157df0770e8c4bf09883e1d474ee6ddd.jpegtplv-a9rns2rl98-downsize_watermark_1_5_b-4-12x12.png 12w, https:\/\/teal-lobster-750471.hostingersite.com\/wp-content\/uploads\/2026\/01\/157df0770e8c4bf09883e1d474ee6ddd.jpegtplv-a9rns2rl98-downsize_watermark_1_5_b-4-100x100.png 100w, https:\/\/teal-lobster-750471.hostingersite.com\/wp-content\/uploads\/2026\/01\/157df0770e8c4bf09883e1d474ee6ddd.jpegtplv-a9rns2rl98-downsize_watermark_1_5_b-4-50x50.png 50w, https:\/\/teal-lobster-750471.hostingersite.com\/wp-content\/uploads\/2026\/01\/157df0770e8c4bf09883e1d474ee6ddd.jpegtplv-a9rns2rl98-downsize_watermark_1_5_b-4-1x1.png 1w, https:\/\/teal-lobster-750471.hostingersite.com\/wp-content\/uploads\/2026\/01\/157df0770e8c4bf09883e1d474ee6ddd.jpegtplv-a9rns2rl98-downsize_watermark_1_5_b-4-10x10.png 10w\" sizes=\"auto, (max-width: 384px) 100vw, 384px\" \/><br \/>\n\t\t\t\t\t\t\t\t\t\t\t\t\t\t\t<img loading=\"lazy\" decoding=\"async\" width=\"384\" height=\"384\" src=\"https:\/\/teal-lobster-750471.hostingersite.com\/wp-content\/uploads\/2026\/01\/ae7638b2963c4dd89185beb699130c81.jpegtplv-a9rns2rl98-downsize_watermark_1_5_b-4.png\" alt=\"\" srcset=\"https:\/\/teal-lobster-750471.hostingersite.com\/wp-content\/uploads\/2026\/01\/ae7638b2963c4dd89185beb699130c81.jpegtplv-a9rns2rl98-downsize_watermark_1_5_b-4.png 384w, https:\/\/teal-lobster-750471.hostingersite.com\/wp-content\/uploads\/2026\/01\/ae7638b2963c4dd89185beb699130c81.jpegtplv-a9rns2rl98-downsize_watermark_1_5_b-4-300x300.png 300w, https:\/\/teal-lobster-750471.hostingersite.com\/wp-content\/uploads\/2026\/01\/ae7638b2963c4dd89185beb699130c81.jpegtplv-a9rns2rl98-downsize_watermark_1_5_b-4-150x150.png 150w, https:\/\/teal-lobster-750471.hostingersite.com\/wp-content\/uploads\/2026\/01\/ae7638b2963c4dd89185beb699130c81.jpegtplv-a9rns2rl98-downsize_watermark_1_5_b-4-12x12.png 12w, https:\/\/teal-lobster-750471.hostingersite.com\/wp-content\/uploads\/2026\/01\/ae7638b2963c4dd89185beb699130c81.jpegtplv-a9rns2rl98-downsize_watermark_1_5_b-4-100x100.png 100w, https:\/\/teal-lobster-750471.hostingersite.com\/wp-content\/uploads\/2026\/01\/ae7638b2963c4dd89185beb699130c81.jpegtplv-a9rns2rl98-downsize_watermark_1_5_b-4-50x50.png 50w, https:\/\/teal-lobster-750471.hostingersite.com\/wp-content\/uploads\/2026\/01\/ae7638b2963c4dd89185beb699130c81.jpegtplv-a9rns2rl98-downsize_watermark_1_5_b-4-1x1.png 1w, https:\/\/teal-lobster-750471.hostingersite.com\/wp-content\/uploads\/2026\/01\/ae7638b2963c4dd89185beb699130c81.jpegtplv-a9rns2rl98-downsize_watermark_1_5_b-4-10x10.png 10w\" sizes=\"auto, (max-width: 384px) 100vw, 384px\" \/><br \/>\n\t\t\t\t\t\t\t\t\t\t\t\t\t\t\t<img loading=\"lazy\" decoding=\"async\" width=\"384\" height=\"384\" src=\"https:\/\/teal-lobster-750471.hostingersite.com\/wp-content\/uploads\/2026\/01\/2bc5d117ca444dc9800a1dc32bb7aec8.jpegtplv-a9rns2rl98-downsize_watermark_1_5_b-4.png\" alt=\"\" srcset=\"https:\/\/teal-lobster-750471.hostingersite.com\/wp-content\/uploads\/2026\/01\/2bc5d117ca444dc9800a1dc32bb7aec8.jpegtplv-a9rns2rl98-downsize_watermark_1_5_b-4.png 384w, https:\/\/teal-lobster-750471.hostingersite.com\/wp-content\/uploads\/2026\/01\/2bc5d117ca444dc9800a1dc32bb7aec8.jpegtplv-a9rns2rl98-downsize_watermark_1_5_b-4-300x300.png 300w, https:\/\/teal-lobster-750471.hostingersite.com\/wp-content\/uploads\/2026\/01\/2bc5d117ca444dc9800a1dc32bb7aec8.jpegtplv-a9rns2rl98-downsize_watermark_1_5_b-4-150x150.png 150w, https:\/\/teal-lobster-750471.hostingersite.com\/wp-content\/uploads\/2026\/01\/2bc5d117ca444dc9800a1dc32bb7aec8.jpegtplv-a9rns2rl98-downsize_watermark_1_5_b-4-12x12.png 12w, https:\/\/teal-lobster-750471.hostingersite.com\/wp-content\/uploads\/2026\/01\/2bc5d117ca444dc9800a1dc32bb7aec8.jpegtplv-a9rns2rl98-downsize_watermark_1_5_b-4-100x100.png 100w, https:\/\/teal-lobster-750471.hostingersite.com\/wp-content\/uploads\/2026\/01\/2bc5d117ca444dc9800a1dc32bb7aec8.jpegtplv-a9rns2rl98-downsize_watermark_1_5_b-4-50x50.png 50w, https:\/\/teal-lobster-750471.hostingersite.com\/wp-content\/uploads\/2026\/01\/2bc5d117ca444dc9800a1dc32bb7aec8.jpegtplv-a9rns2rl98-downsize_watermark_1_5_b-4-1x1.png 1w, https:\/\/teal-lobster-750471.hostingersite.com\/wp-content\/uploads\/2026\/01\/2bc5d117ca444dc9800a1dc32bb7aec8.jpegtplv-a9rns2rl98-downsize_watermark_1_5_b-4-10x10.png 10w\" sizes=\"auto, (max-width: 384px) 100vw, 384px\" \/><br \/>\n\t\t\t\t\t\t\t\t\t\t\t\t\t\t\t<img loading=\"lazy\" decoding=\"async\" width=\"384\" height=\"384\" src=\"https:\/\/teal-lobster-750471.hostingersite.com\/wp-content\/uploads\/2026\/01\/ec20d993e3b1413daf2ec22bdcf33c71.jpegtplv-a9rns2rl98-downsize_watermark_1_5_b-4.png\" alt=\"\" srcset=\"https:\/\/teal-lobster-750471.hostingersite.com\/wp-content\/uploads\/2026\/01\/ec20d993e3b1413daf2ec22bdcf33c71.jpegtplv-a9rns2rl98-downsize_watermark_1_5_b-4.png 384w, https:\/\/teal-lobster-750471.hostingersite.com\/wp-content\/uploads\/2026\/01\/ec20d993e3b1413daf2ec22bdcf33c71.jpegtplv-a9rns2rl98-downsize_watermark_1_5_b-4-300x300.png 300w, https:\/\/teal-lobster-750471.hostingersite.com\/wp-content\/uploads\/2026\/01\/ec20d993e3b1413daf2ec22bdcf33c71.jpegtplv-a9rns2rl98-downsize_watermark_1_5_b-4-150x150.png 150w, https:\/\/teal-lobster-750471.hostingersite.com\/wp-content\/uploads\/2026\/01\/ec20d993e3b1413daf2ec22bdcf33c71.jpegtplv-a9rns2rl98-downsize_watermark_1_5_b-4-12x12.png 12w, https:\/\/teal-lobster-750471.hostingersite.com\/wp-content\/uploads\/2026\/01\/ec20d993e3b1413daf2ec22bdcf33c71.jpegtplv-a9rns2rl98-downsize_watermark_1_5_b-4-100x100.png 100w, https:\/\/teal-lobster-750471.hostingersite.com\/wp-content\/uploads\/2026\/01\/ec20d993e3b1413daf2ec22bdcf33c71.jpegtplv-a9rns2rl98-downsize_watermark_1_5_b-4-50x50.png 50w, https:\/\/teal-lobster-750471.hostingersite.com\/wp-content\/uploads\/2026\/01\/ec20d993e3b1413daf2ec22bdcf33c71.jpegtplv-a9rns2rl98-downsize_watermark_1_5_b-4-1x1.png 1w, https:\/\/teal-lobster-750471.hostingersite.com\/wp-content\/uploads\/2026\/01\/ec20d993e3b1413daf2ec22bdcf33c71.jpegtplv-a9rns2rl98-downsize_watermark_1_5_b-4-10x10.png 10w\" sizes=\"auto, (max-width: 384px) 100vw, 384px\" \/><br \/>\n\t\t\t\t\t\t\t\t\t\t\t\t\t\t\t<img loading=\"lazy\" decoding=\"async\" width=\"800\" height=\"777\" src=\"https:\/\/teal-lobster-750471.hostingersite.com\/wp-content\/uploads\/2026\/01\/c0af1e2a0e494e65ae29eb283c3d0d1ftplv-t5fjg24jzw-resize-webp_800_800-5.webp\" alt=\"\" srcset=\"https:\/\/teal-lobster-750471.hostingersite.com\/wp-content\/uploads\/2026\/01\/c0af1e2a0e494e65ae29eb283c3d0d1ftplv-t5fjg24jzw-resize-webp_800_800-5.webp 800w, https:\/\/teal-lobster-750471.hostingersite.com\/wp-content\/uploads\/2026\/01\/c0af1e2a0e494e65ae29eb283c3d0d1ftplv-t5fjg24jzw-resize-webp_800_800-5-300x291.webp 300w, https:\/\/teal-lobster-750471.hostingersite.com\/wp-content\/uploads\/2026\/01\/c0af1e2a0e494e65ae29eb283c3d0d1ftplv-t5fjg24jzw-resize-webp_800_800-5-768x746.webp 768w, https:\/\/teal-lobster-750471.hostingersite.com\/wp-content\/uploads\/2026\/01\/c0af1e2a0e494e65ae29eb283c3d0d1ftplv-t5fjg24jzw-resize-webp_800_800-5-12x12.webp 12w, https:\/\/teal-lobster-750471.hostingersite.com\/wp-content\/uploads\/2026\/01\/c0af1e2a0e494e65ae29eb283c3d0d1ftplv-t5fjg24jzw-resize-webp_800_800-5-600x583.webp 600w, https:\/\/teal-lobster-750471.hostingersite.com\/wp-content\/uploads\/2026\/01\/c0af1e2a0e494e65ae29eb283c3d0d1ftplv-t5fjg24jzw-resize-webp_800_800-5-50x50.webp 50w, https:\/\/teal-lobster-750471.hostingersite.com\/wp-content\/uploads\/2026\/01\/c0af1e2a0e494e65ae29eb283c3d0d1ftplv-t5fjg24jzw-resize-webp_800_800-5-1x1.webp 1w, https:\/\/teal-lobster-750471.hostingersite.com\/wp-content\/uploads\/2026\/01\/c0af1e2a0e494e65ae29eb283c3d0d1ftplv-t5fjg24jzw-resize-webp_800_800-5-10x10.webp 10w\" sizes=\"auto, (max-width: 800px) 100vw, 800px\" \/><br \/>\n\t\t\t\t\t\t\t\t\t\t\t\t\t\t\t<img loading=\"lazy\" decoding=\"async\" width=\"522\" height=\"522\" src=\"https:\/\/teal-lobster-750471.hostingersite.com\/wp-content\/uploads\/2026\/01\/0f27a16c8a274d71b31f13c930d346a9tplv-t5fjg24jzw-resize-webp_800_800-3.webp\" alt=\"\" srcset=\"https:\/\/teal-lobster-750471.hostingersite.com\/wp-content\/uploads\/2026\/01\/0f27a16c8a274d71b31f13c930d346a9tplv-t5fjg24jzw-resize-webp_800_800-3.webp 522w, https:\/\/teal-lobster-750471.hostingersite.com\/wp-content\/uploads\/2026\/01\/0f27a16c8a274d71b31f13c930d346a9tplv-t5fjg24jzw-resize-webp_800_800-3-300x300.webp 300w, https:\/\/teal-lobster-750471.hostingersite.com\/wp-content\/uploads\/2026\/01\/0f27a16c8a274d71b31f13c930d346a9tplv-t5fjg24jzw-resize-webp_800_800-3-150x150.webp 150w, https:\/\/teal-lobster-750471.hostingersite.com\/wp-content\/uploads\/2026\/01\/0f27a16c8a274d71b31f13c930d346a9tplv-t5fjg24jzw-resize-webp_800_800-3-12x12.webp 12w, https:\/\/teal-lobster-750471.hostingersite.com\/wp-content\/uploads\/2026\/01\/0f27a16c8a274d71b31f13c930d346a9tplv-t5fjg24jzw-resize-webp_800_800-3-100x100.webp 100w, https:\/\/teal-lobster-750471.hostingersite.com\/wp-content\/uploads\/2026\/01\/0f27a16c8a274d71b31f13c930d346a9tplv-t5fjg24jzw-resize-webp_800_800-3-50x50.webp 50w, https:\/\/teal-lobster-750471.hostingersite.com\/wp-content\/uploads\/2026\/01\/0f27a16c8a274d71b31f13c930d346a9tplv-t5fjg24jzw-resize-webp_800_800-3-1x1.webp 1w, https:\/\/teal-lobster-750471.hostingersite.com\/wp-content\/uploads\/2026\/01\/0f27a16c8a274d71b31f13c930d346a9tplv-t5fjg24jzw-resize-webp_800_800-3-10x10.webp 10w\" sizes=\"auto, (max-width: 522px) 100vw, 522px\" \/><br \/>\n\t\t\t\t\t\t\t\t\t\t\t\t\t\t\t<img loading=\"lazy\" decoding=\"async\" width=\"522\" height=\"522\" src=\"https:\/\/teal-lobster-750471.hostingersite.com\/wp-content\/uploads\/2026\/01\/67d38af038fa42b5bf560dde8aba9090tplv-t5fjg24jzw-resize-webp_800_800-3.webp\" alt=\"\" srcset=\"https:\/\/teal-lobster-750471.hostingersite.com\/wp-content\/uploads\/2026\/01\/67d38af038fa42b5bf560dde8aba9090tplv-t5fjg24jzw-resize-webp_800_800-3.webp 522w, https:\/\/teal-lobster-750471.hostingersite.com\/wp-content\/uploads\/2026\/01\/67d38af038fa42b5bf560dde8aba9090tplv-t5fjg24jzw-resize-webp_800_800-3-300x300.webp 300w, https:\/\/teal-lobster-750471.hostingersite.com\/wp-content\/uploads\/2026\/01\/67d38af038fa42b5bf560dde8aba9090tplv-t5fjg24jzw-resize-webp_800_800-3-150x150.webp 150w, https:\/\/teal-lobster-750471.hostingersite.com\/wp-content\/uploads\/2026\/01\/67d38af038fa42b5bf560dde8aba9090tplv-t5fjg24jzw-resize-webp_800_800-3-12x12.webp 12w, https:\/\/teal-lobster-750471.hostingersite.com\/wp-content\/uploads\/2026\/01\/67d38af038fa42b5bf560dde8aba9090tplv-t5fjg24jzw-resize-webp_800_800-3-100x100.webp 100w, https:\/\/teal-lobster-750471.hostingersite.com\/wp-content\/uploads\/2026\/01\/67d38af038fa42b5bf560dde8aba9090tplv-t5fjg24jzw-resize-webp_800_800-3-50x50.webp 50w, https:\/\/teal-lobster-750471.hostingersite.com\/wp-content\/uploads\/2026\/01\/67d38af038fa42b5bf560dde8aba9090tplv-t5fjg24jzw-resize-webp_800_800-3-1x1.webp 1w, https:\/\/teal-lobster-750471.hostingersite.com\/wp-content\/uploads\/2026\/01\/67d38af038fa42b5bf560dde8aba9090tplv-t5fjg24jzw-resize-webp_800_800-3-10x10.webp 10w\" sizes=\"auto, (max-width: 522px) 100vw, 522px\" \/><br \/>\nInformaci\u00f3n sobre el producto<br \/>\nCaracter\u00edsticas principalesXXL-Probegr\u00f6\u00dfe, Kosteng\u00fcnstig, Praktische Verpackung, Vollwertige Wirkung, Einfache Anwendung<strong>Farbe<\/strong><strong>Typabh\u00e4ngig (Originalfarbe)<\/strong><strong>Marke<\/strong><strong>Netto<\/strong><strong>Produktart<\/strong><strong>XXL Probeverpackung<\/strong><strong>Artikelgewicht<\/strong><strong>XXL-Gr\u00f6\u00dfe, ausreichend f\u00fcr Testphase<\/strong><strong>Componentes alcalinos<\/strong><strong>1 x Netto XXL Probeverpackung (vollwertige Testmenge)<\/strong><strong>Hersteller<\/strong><strong>Netto<\/strong><strong>ASIN<\/strong><strong>B0D7F9X2SA<\/strong><strong>N\u00famero de modelo del producto<\/strong><strong>NET-XXL-PB<\/strong><strong>Evaluaci\u00f3n de clientes a gran escala<\/strong><strong>4,7 \u2605\u2605\u2605\u2605\u2606 (1256) 4,7 von 5 Sternen<\/strong><strong>Posicionamiento en los m\u00e1s vendidos de Amazon<\/strong><strong>N\u00ba 3.892 en Drogerie &amp; K\u00f6rperpflege, N\u00ba 15 en Probeverpackungen<\/strong><strong>Producto disponible en amazon.com <\/strong><strong>05. Agosto 2025<\/strong><\/p>\n<style>.product-table {width: 100%;border-top: 1px solid #000;font-family: Arial, sans-serif;}.product-row {display: flex;border-bottom: 1px solid #000;padding: 12px 0;}.product-label {flex: 1;font-weight: bold;min-width: 200px;padding-right: 20px;}.product-value {flex: 1;min-width: 200px;}<\/style>","protected":false},"excerpt":{"rendered":"<p>Produktinformationen Besondere MerkmaleXXL-Probegr\u00f6\u00dfe, Kosteng\u00fcnstig, Praktische Verpackung, Vollwertige Wirkung, Einfache AnwendungFarbeTypabh\u00e4ngig (Originalfarbe)MarkeNettoProduktartXXL ProbeverpackungArtikelgewichtXXL-Gr\u00f6\u00dfe, ausreichend f\u00fcr TestphaseEnthaltene Komponenten1 x Netto XXL Probeverpackung&#8230;<\/p>","protected":false},"featured_media":14127,"comment_status":"open","ping_status":"closed","template":"","meta":{"_acf_changed":false},"etheme_brands":[],"product_brand":[],"product_cat":[118],"product_tag":[],"class_list":{"0":"post-14075","1":"product","2":"type-product","3":"status-publish","4":"has-post-thumbnail","6":"product_cat-sale-shop","8":"first","9":"instock","10":"sale","11":"shipping-taxable","12":"purchasable","13":"product-type-simple"},"acf":[],"_links":{"self":[{"href":"https:\/\/rarename.shop\/es\/wp-json\/wp\/v2\/product\/14075","targetHints":{"allow":["GET"]}}],"collection":[{"href":"https:\/\/rarename.shop\/es\/wp-json\/wp\/v2\/product"}],"about":[{"href":"https:\/\/rarename.shop\/es\/wp-json\/wp\/v2\/types\/product"}],"replies":[{"embeddable":true,"href":"https:\/\/rarename.shop\/es\/wp-json\/wp\/v2\/comments?post=14075"}],"version-history":[{"count":1,"href":"https:\/\/rarename.shop\/es\/wp-json\/wp\/v2\/product\/14075\/revisions"}],"predecessor-version":[{"id":14128,"href":"https:\/\/rarename.shop\/es\/wp-json\/wp\/v2\/product\/14075\/revisions\/14128"}],"wp:featuredmedia":[{"embeddable":true,"href":"https:\/\/rarename.shop\/es\/wp-json\/wp\/v2\/media\/14127"}],"wp:attachment":[{"href":"https:\/\/rarename.shop\/es\/wp-json\/wp\/v2\/media?parent=14075"}],"wp:term":[{"taxonomy":"brand","embeddable":true,"href":"https:\/\/rarename.shop\/es\/wp-json\/wp\/v2\/etheme_brands?post=14075"},{"taxonomy":"product_brand","embeddable":true,"href":"https:\/\/rarename.shop\/es\/wp-json\/wp\/v2\/product_brand?post=14075"},{"taxonomy":"product_cat","embeddable":true,"href":"https:\/\/rarename.shop\/es\/wp-json\/wp\/v2\/product_cat?post=14075"},{"taxonomy":"product_tag","embeddable":true,"href":"https:\/\/rarename.shop\/es\/wp-json\/wp\/v2\/product_tag?post=14075"}],"curies":[{"name":"wp","href":"https:\/\/api.w.org\/{rel}","templated":true}]}}