{"id":14466,"date":"2026-03-18T04:02:34","date_gmt":"2026-03-18T04:02:34","guid":{"rendered":"https:\/\/rarename.shop\/?post_type=product&#038;p=14466"},"modified":"2026-03-18T04:16:08","modified_gmt":"2026-03-18T04:16:08","slug":"jex-rfo-recubrimiento-en-aerosol-para-automoviles-agente-de-recubrimiento-avanzado-de-accion-rapida-para-automoviles-con-efecto-antipolvo-y-efecto-glaseado-solucion-de-cera-para-pintura-automotriz","status":"publish","type":"product","link":"https:\/\/rarename.shop\/es\/producto\/jex-rfo-recubrimiento-en-aerosol-para-automoviles-agente-de-recubrimiento-avanzado-de-accion-rapida-para-automoviles-con-efecto-antipolvo-y-efecto-glaseado-solucion-de-cera-para-pintura-automotriz\/","title":{"rendered":"JEX-RFO - Recubrimiento en aerosol para autom\u00f3viles: agente de recubrimiento avanzado de acci\u00f3n r\u00e1pida para autom\u00f3viles con efecto antipolvo y efecto glaseado. Soluci\u00f3n de cera para pintura automotriz de larga duraci\u00f3n para un brillo de sala de exposici\u00f3n"},"content":{"rendered":"<div data-elementor-type=\"product-post\" data-elementor-id=\"14466\" class=\"elementor elementor-14466\" data-elementor-post-type=\"product\">\n\t\t\t\t<div class=\"elementor-element elementor-element-7328179f e-flex e-con-boxed e-con e-parent\" data-id=\"7328179f\" data-element_type=\"container\" data-settings=\"{&quot;ekit_has_onepagescroll_dot&quot;:&quot;yes&quot;}\">\n\t\t\t\t\t<div class=\"e-con-inner\">\n\t\t\t\t<div class=\"elementor-element elementor-element-179449f8 elementor-widget elementor-widget-image\" data-id=\"179449f8\" data-element_type=\"widget\" data-settings=\"{&quot;ekit_we_effect_on&quot;:&quot;none&quot;}\" data-widget_type=\"image.default\">\n\t\t\t\t<div class=\"elementor-widget-container\">\n\t\t\t\t\t\t\t\t\t\t\t\t\t\t\t<img loading=\"lazy\" decoding=\"async\" width=\"800\" height=\"800\" src=\"https:\/\/rarename.shop\/wp-content\/uploads\/2026\/03\/ba9e1025f23643258f9e536738aca520_tplv-aphluv4xwc-resize-jpeg_800_800.jpg\" class=\"attachment-full size-full wp-image-14474 wvs-archive-product-image\" alt=\"\" srcset=\"https:\/\/rarename.shop\/wp-content\/uploads\/2026\/03\/ba9e1025f23643258f9e536738aca520_tplv-aphluv4xwc-resize-jpeg_800_800.jpg 800w, https:\/\/rarename.shop\/wp-content\/uploads\/2026\/03\/ba9e1025f23643258f9e536738aca520_tplv-aphluv4xwc-resize-jpeg_800_800-300x300.jpg 300w, https:\/\/rarename.shop\/wp-content\/uploads\/2026\/03\/ba9e1025f23643258f9e536738aca520_tplv-aphluv4xwc-resize-jpeg_800_800-150x150.jpg 150w, https:\/\/rarename.shop\/wp-content\/uploads\/2026\/03\/ba9e1025f23643258f9e536738aca520_tplv-aphluv4xwc-resize-jpeg_800_800-768x768.jpg 768w, https:\/\/rarename.shop\/wp-content\/uploads\/2026\/03\/ba9e1025f23643258f9e536738aca520_tplv-aphluv4xwc-resize-jpeg_800_800-12x12.jpg 12w, https:\/\/rarename.shop\/wp-content\/uploads\/2026\/03\/ba9e1025f23643258f9e536738aca520_tplv-aphluv4xwc-resize-jpeg_800_800-600x600.jpg 600w, https:\/\/rarename.shop\/wp-content\/uploads\/2026\/03\/ba9e1025f23643258f9e536738aca520_tplv-aphluv4xwc-resize-jpeg_800_800-100x100.jpg 100w, https:\/\/rarename.shop\/wp-content\/uploads\/2026\/03\/ba9e1025f23643258f9e536738aca520_tplv-aphluv4xwc-resize-jpeg_800_800-50x50.jpg 50w, https:\/\/rarename.shop\/wp-content\/uploads\/2026\/03\/ba9e1025f23643258f9e536738aca520_tplv-aphluv4xwc-resize-jpeg_800_800-1x1.jpg 1w, https:\/\/rarename.shop\/wp-content\/uploads\/2026\/03\/ba9e1025f23643258f9e536738aca520_tplv-aphluv4xwc-resize-jpeg_800_800-10x10.jpg 10w\" sizes=\"auto, (max-width: 800px) 100vw, 800px\" \/>\t\t\t\t\t\t\t\t\t\t\t\t\t\t\t<\/div>\n\t\t\t\t<\/div>\n\t\t\t\t<div class=\"elementor-element elementor-element-489b955d elementor-widget elementor-widget-image\" data-id=\"489b955d\" data-element_type=\"widget\" data-settings=\"{&quot;ekit_we_effect_on&quot;:&quot;none&quot;}\" data-widget_type=\"image.default\">\n\t\t\t\t<div class=\"elementor-widget-container\">\n\t\t\t\t\t\t\t\t\t\t\t\t\t\t\t<img loading=\"lazy\" decoding=\"async\" width=\"800\" height=\"800\" src=\"https:\/\/rarename.shop\/wp-content\/uploads\/2026\/03\/d3635c454f60424db565479be214e485_tplv-aphluv4xwc-resize-jpeg_800_800.jpg\" class=\"attachment-full size-full wp-image-14475 wvs-archive-product-image\" alt=\"\" srcset=\"https:\/\/rarename.shop\/wp-content\/uploads\/2026\/03\/d3635c454f60424db565479be214e485_tplv-aphluv4xwc-resize-jpeg_800_800.jpg 800w, https:\/\/rarename.shop\/wp-content\/uploads\/2026\/03\/d3635c454f60424db565479be214e485_tplv-aphluv4xwc-resize-jpeg_800_800-300x300.jpg 300w, https:\/\/rarename.shop\/wp-content\/uploads\/2026\/03\/d3635c454f60424db565479be214e485_tplv-aphluv4xwc-resize-jpeg_800_800-150x150.jpg 150w, https:\/\/rarename.shop\/wp-content\/uploads\/2026\/03\/d3635c454f60424db565479be214e485_tplv-aphluv4xwc-resize-jpeg_800_800-768x768.jpg 768w, https:\/\/rarename.shop\/wp-content\/uploads\/2026\/03\/d3635c454f60424db565479be214e485_tplv-aphluv4xwc-resize-jpeg_800_800-12x12.jpg 12w, https:\/\/rarename.shop\/wp-content\/uploads\/2026\/03\/d3635c454f60424db565479be214e485_tplv-aphluv4xwc-resize-jpeg_800_800-600x600.jpg 600w, https:\/\/rarename.shop\/wp-content\/uploads\/2026\/03\/d3635c454f60424db565479be214e485_tplv-aphluv4xwc-resize-jpeg_800_800-100x100.jpg 100w, https:\/\/rarename.shop\/wp-content\/uploads\/2026\/03\/d3635c454f60424db565479be214e485_tplv-aphluv4xwc-resize-jpeg_800_800-50x50.jpg 50w, https:\/\/rarename.shop\/wp-content\/uploads\/2026\/03\/d3635c454f60424db565479be214e485_tplv-aphluv4xwc-resize-jpeg_800_800-1x1.jpg 1w, https:\/\/rarename.shop\/wp-content\/uploads\/2026\/03\/d3635c454f60424db565479be214e485_tplv-aphluv4xwc-resize-jpeg_800_800-10x10.jpg 10w\" sizes=\"auto, (max-width: 800px) 100vw, 800px\" \/>\t\t\t\t\t\t\t\t\t\t\t\t\t\t\t<\/div>\n\t\t\t\t<\/div>\n\t\t\t\t<div class=\"elementor-element elementor-element-3c718da2 elementor-widget elementor-widget-image\" data-id=\"3c718da2\" data-element_type=\"widget\" data-settings=\"{&quot;ekit_we_effect_on&quot;:&quot;none&quot;}\" data-widget_type=\"image.default\">\n\t\t\t\t<div class=\"elementor-widget-container\">\n\t\t\t\t\t\t\t\t\t\t\t\t\t\t\t<img loading=\"lazy\" decoding=\"async\" width=\"800\" height=\"800\" src=\"https:\/\/rarename.shop\/wp-content\/uploads\/2026\/03\/ba236cfe412645979299228cfdf36b08_tplv-aphluv4xwc-resize-jpeg_800_800.jpg\" class=\"attachment-full size-full wp-image-14476 wvs-archive-product-image\" alt=\"\" srcset=\"https:\/\/rarename.shop\/wp-content\/uploads\/2026\/03\/ba236cfe412645979299228cfdf36b08_tplv-aphluv4xwc-resize-jpeg_800_800.jpg 800w, https:\/\/rarename.shop\/wp-content\/uploads\/2026\/03\/ba236cfe412645979299228cfdf36b08_tplv-aphluv4xwc-resize-jpeg_800_800-300x300.jpg 300w, https:\/\/rarename.shop\/wp-content\/uploads\/2026\/03\/ba236cfe412645979299228cfdf36b08_tplv-aphluv4xwc-resize-jpeg_800_800-150x150.jpg 150w, https:\/\/rarename.shop\/wp-content\/uploads\/2026\/03\/ba236cfe412645979299228cfdf36b08_tplv-aphluv4xwc-resize-jpeg_800_800-768x768.jpg 768w, https:\/\/rarename.shop\/wp-content\/uploads\/2026\/03\/ba236cfe412645979299228cfdf36b08_tplv-aphluv4xwc-resize-jpeg_800_800-12x12.jpg 12w, https:\/\/rarename.shop\/wp-content\/uploads\/2026\/03\/ba236cfe412645979299228cfdf36b08_tplv-aphluv4xwc-resize-jpeg_800_800-600x600.jpg 600w, https:\/\/rarename.shop\/wp-content\/uploads\/2026\/03\/ba236cfe412645979299228cfdf36b08_tplv-aphluv4xwc-resize-jpeg_800_800-100x100.jpg 100w, https:\/\/rarename.shop\/wp-content\/uploads\/2026\/03\/ba236cfe412645979299228cfdf36b08_tplv-aphluv4xwc-resize-jpeg_800_800-50x50.jpg 50w, https:\/\/rarename.shop\/wp-content\/uploads\/2026\/03\/ba236cfe412645979299228cfdf36b08_tplv-aphluv4xwc-resize-jpeg_800_800-1x1.jpg 1w, https:\/\/rarename.shop\/wp-content\/uploads\/2026\/03\/ba236cfe412645979299228cfdf36b08_tplv-aphluv4xwc-resize-jpeg_800_800-10x10.jpg 10w\" sizes=\"auto, (max-width: 800px) 100vw, 800px\" \/>\t\t\t\t\t\t\t\t\t\t\t\t\t\t\t<\/div>\n\t\t\t\t<\/div>\n\t\t\t\t<div class=\"elementor-element elementor-element-7c994d45 elementor-widget elementor-widget-image\" data-id=\"7c994d45\" data-element_type=\"widget\" data-settings=\"{&quot;ekit_we_effect_on&quot;:&quot;none&quot;}\" data-widget_type=\"image.default\">\n\t\t\t\t<div class=\"elementor-widget-container\">\n\t\t\t\t\t\t\t\t\t\t\t\t\t\t\t<img loading=\"lazy\" decoding=\"async\" width=\"1001\" height=\"970\" src=\"https:\/\/rarename.shop\/wp-content\/uploads\/2026\/03\/61W6QoocnvL._AC_SL1001_.jpg\" class=\"attachment-full size-full wp-image-14477 wvs-archive-product-image\" alt=\"\" srcset=\"https:\/\/rarename.shop\/wp-content\/uploads\/2026\/03\/61W6QoocnvL._AC_SL1001_.jpg 1001w, https:\/\/rarename.shop\/wp-content\/uploads\/2026\/03\/61W6QoocnvL._AC_SL1001_-300x291.jpg 300w, https:\/\/rarename.shop\/wp-content\/uploads\/2026\/03\/61W6QoocnvL._AC_SL1001_-768x744.jpg 768w, https:\/\/rarename.shop\/wp-content\/uploads\/2026\/03\/61W6QoocnvL._AC_SL1001_-12x12.jpg 12w, https:\/\/rarename.shop\/wp-content\/uploads\/2026\/03\/61W6QoocnvL._AC_SL1001_-600x581.jpg 600w, https:\/\/rarename.shop\/wp-content\/uploads\/2026\/03\/61W6QoocnvL._AC_SL1001_-1x1.jpg 1w, https:\/\/rarename.shop\/wp-content\/uploads\/2026\/03\/61W6QoocnvL._AC_SL1001_-10x10.jpg 10w\" sizes=\"auto, (max-width: 1001px) 100vw, 1001px\" \/>\t\t\t\t\t\t\t\t\t\t\t\t\t\t\t<\/div>\n\t\t\t\t<\/div>\n\t\t\t\t<div class=\"elementor-element elementor-element-41aa89aa elementor-widget elementor-widget-image\" data-id=\"41aa89aa\" data-element_type=\"widget\" data-settings=\"{&quot;ekit_we_effect_on&quot;:&quot;none&quot;}\" data-widget_type=\"image.default\">\n\t\t\t\t<div class=\"elementor-widget-container\">\n\t\t\t\t\t\t\t\t\t\t\t\t\t\t\t<img loading=\"lazy\" decoding=\"async\" width=\"1001\" height=\"911\" src=\"https:\/\/rarename.shop\/wp-content\/uploads\/2026\/03\/61K2f33HmLL._AC_SL1001__\u526f\u672c.jpg\" class=\"attachment-full size-full wp-image-14478 wvs-archive-product-image\" alt=\"\" srcset=\"https:\/\/rarename.shop\/wp-content\/uploads\/2026\/03\/61K2f33HmLL._AC_SL1001__\u526f\u672c.jpg 1001w, https:\/\/rarename.shop\/wp-content\/uploads\/2026\/03\/61K2f33HmLL._AC_SL1001__\u526f\u672c-300x273.jpg 300w, https:\/\/rarename.shop\/wp-content\/uploads\/2026\/03\/61K2f33HmLL._AC_SL1001__\u526f\u672c-768x699.jpg 768w, https:\/\/rarename.shop\/wp-content\/uploads\/2026\/03\/61K2f33HmLL._AC_SL1001__\u526f\u672c-13x12.jpg 13w, https:\/\/rarename.shop\/wp-content\/uploads\/2026\/03\/61K2f33HmLL._AC_SL1001__\u526f\u672c-600x546.jpg 600w, https:\/\/rarename.shop\/wp-content\/uploads\/2026\/03\/61K2f33HmLL._AC_SL1001__\u526f\u672c-1x1.jpg 1w, https:\/\/rarename.shop\/wp-content\/uploads\/2026\/03\/61K2f33HmLL._AC_SL1001__\u526f\u672c-10x10.jpg 10w\" sizes=\"auto, (max-width: 1001px) 100vw, 1001px\" \/>\t\t\t\t\t\t\t\t\t\t\t\t\t\t\t<\/div>\n\t\t\t\t<\/div>\n\t\t\t\t<div class=\"elementor-element elementor-element-44bfef9c elementor-widget elementor-widget-image\" data-id=\"44bfef9c\" data-element_type=\"widget\" data-settings=\"{&quot;ekit_we_effect_on&quot;:&quot;none&quot;}\" data-widget_type=\"image.default\">\n\t\t\t\t<div class=\"elementor-widget-container\">\n\t\t\t\t\t\t\t\t\t\t\t\t\t\t\t<img loading=\"lazy\" decoding=\"async\" width=\"1001\" height=\"952\" src=\"https:\/\/rarename.shop\/wp-content\/uploads\/2026\/03\/61Z9TzsMvyL._AC_SL1001_.jpg\" class=\"attachment-full size-full wp-image-14479 wvs-archive-product-image\" alt=\"\" srcset=\"https:\/\/rarename.shop\/wp-content\/uploads\/2026\/03\/61Z9TzsMvyL._AC_SL1001_.jpg 1001w, https:\/\/rarename.shop\/wp-content\/uploads\/2026\/03\/61Z9TzsMvyL._AC_SL1001_-300x285.jpg 300w, https:\/\/rarename.shop\/wp-content\/uploads\/2026\/03\/61Z9TzsMvyL._AC_SL1001_-768x730.jpg 768w, https:\/\/rarename.shop\/wp-content\/uploads\/2026\/03\/61Z9TzsMvyL._AC_SL1001_-13x12.jpg 13w, https:\/\/rarename.shop\/wp-content\/uploads\/2026\/03\/61Z9TzsMvyL._AC_SL1001_-600x571.jpg 600w, https:\/\/rarename.shop\/wp-content\/uploads\/2026\/03\/61Z9TzsMvyL._AC_SL1001_-1x1.jpg 1w, https:\/\/rarename.shop\/wp-content\/uploads\/2026\/03\/61Z9TzsMvyL._AC_SL1001_-10x10.jpg 10w\" sizes=\"auto, (max-width: 1001px) 100vw, 1001px\" \/>\t\t\t\t\t\t\t\t\t\t\t\t\t\t\t<\/div>\n\t\t\t\t<\/div>\n\t\t\t\t<div class=\"elementor-element elementor-element-56577493 elementor-widget elementor-widget-image\" data-id=\"56577493\" data-element_type=\"widget\" data-settings=\"{&quot;ekit_we_effect_on&quot;:&quot;none&quot;}\" data-widget_type=\"image.default\">\n\t\t\t\t<div class=\"elementor-widget-container\">\n\t\t\t\t\t\t\t\t\t\t\t\t\t\t\t<img loading=\"lazy\" decoding=\"async\" width=\"1500\" height=\"1500\" src=\"https:\/\/rarename.shop\/wp-content\/uploads\/2026\/03\/71GMWgruMgL._AC_SL1500_.jpg\" class=\"attachment-full size-full wp-image-14480 wvs-archive-product-image\" alt=\"\" srcset=\"https:\/\/rarename.shop\/wp-content\/uploads\/2026\/03\/71GMWgruMgL._AC_SL1500_.jpg 1500w, https:\/\/rarename.shop\/wp-content\/uploads\/2026\/03\/71GMWgruMgL._AC_SL1500_-300x300.jpg 300w, https:\/\/rarename.shop\/wp-content\/uploads\/2026\/03\/71GMWgruMgL._AC_SL1500_-1024x1024.jpg 1024w, https:\/\/rarename.shop\/wp-content\/uploads\/2026\/03\/71GMWgruMgL._AC_SL1500_-150x150.jpg 150w, https:\/\/rarename.shop\/wp-content\/uploads\/2026\/03\/71GMWgruMgL._AC_SL1500_-768x768.jpg 768w, https:\/\/rarename.shop\/wp-content\/uploads\/2026\/03\/71GMWgruMgL._AC_SL1500_-12x12.jpg 12w, https:\/\/rarename.shop\/wp-content\/uploads\/2026\/03\/71GMWgruMgL._AC_SL1500_-600x600.jpg 600w, https:\/\/rarename.shop\/wp-content\/uploads\/2026\/03\/71GMWgruMgL._AC_SL1500_-100x100.jpg 100w, https:\/\/rarename.shop\/wp-content\/uploads\/2026\/03\/71GMWgruMgL._AC_SL1500_-50x50.jpg 50w, https:\/\/rarename.shop\/wp-content\/uploads\/2026\/03\/71GMWgruMgL._AC_SL1500_-1x1.jpg 1w, https:\/\/rarename.shop\/wp-content\/uploads\/2026\/03\/71GMWgruMgL._AC_SL1500_-10x10.jpg 10w\" sizes=\"auto, (max-width: 1500px) 100vw, 1500px\" \/>\t\t\t\t\t\t\t\t\t\t\t\t\t\t\t<\/div>\n\t\t\t\t<\/div>\n\t\t\t\t<div class=\"elementor-element elementor-element-24c605ae elementor-widget elementor-widget-image\" data-id=\"24c605ae\" data-element_type=\"widget\" data-settings=\"{&quot;ekit_we_effect_on&quot;:&quot;none&quot;}\" data-widget_type=\"image.default\">\n\t\t\t\t<div class=\"elementor-widget-container\">\n\t\t\t\t\t\t\t\t\t\t\t\t\t\t\t<img loading=\"lazy\" decoding=\"async\" width=\"1500\" height=\"1500\" src=\"https:\/\/rarename.shop\/wp-content\/uploads\/2026\/03\/815qBoNcbzL._AC_SL1500_.jpg\" class=\"attachment-full size-full wp-image-14481 wvs-archive-product-image\" alt=\"\" srcset=\"https:\/\/rarename.shop\/wp-content\/uploads\/2026\/03\/815qBoNcbzL._AC_SL1500_.jpg 1500w, https:\/\/rarename.shop\/wp-content\/uploads\/2026\/03\/815qBoNcbzL._AC_SL1500_-300x300.jpg 300w, https:\/\/rarename.shop\/wp-content\/uploads\/2026\/03\/815qBoNcbzL._AC_SL1500_-1024x1024.jpg 1024w, https:\/\/rarename.shop\/wp-content\/uploads\/2026\/03\/815qBoNcbzL._AC_SL1500_-150x150.jpg 150w, https:\/\/rarename.shop\/wp-content\/uploads\/2026\/03\/815qBoNcbzL._AC_SL1500_-768x768.jpg 768w, https:\/\/rarename.shop\/wp-content\/uploads\/2026\/03\/815qBoNcbzL._AC_SL1500_-12x12.jpg 12w, https:\/\/rarename.shop\/wp-content\/uploads\/2026\/03\/815qBoNcbzL._AC_SL1500_-600x600.jpg 600w, https:\/\/rarename.shop\/wp-content\/uploads\/2026\/03\/815qBoNcbzL._AC_SL1500_-100x100.jpg 100w, https:\/\/rarename.shop\/wp-content\/uploads\/2026\/03\/815qBoNcbzL._AC_SL1500_-50x50.jpg 50w, https:\/\/rarename.shop\/wp-content\/uploads\/2026\/03\/815qBoNcbzL._AC_SL1500_-1x1.jpg 1w, https:\/\/rarename.shop\/wp-content\/uploads\/2026\/03\/815qBoNcbzL._AC_SL1500_-10x10.jpg 10w\" sizes=\"auto, (max-width: 1500px) 100vw, 1500px\" \/>\t\t\t\t\t\t\t\t\t\t\t\t\t\t\t<\/div>\n\t\t\t\t<\/div>\n\t\t\t\t<div class=\"elementor-element elementor-element-106519c elementor-widget elementor-widget-image\" data-id=\"106519c\" data-element_type=\"widget\" data-settings=\"{&quot;ekit_we_effect_on&quot;:&quot;none&quot;}\" data-widget_type=\"image.default\">\n\t\t\t\t<div class=\"elementor-widget-container\">\n\t\t\t\t\t\t\t\t\t\t\t\t\t\t\t<img loading=\"lazy\" decoding=\"async\" width=\"1000\" height=\"1000\" src=\"https:\/\/rarename.shop\/wp-content\/uploads\/2026\/03\/S9338a68de641435994514d4794450f6bE.webp\" class=\"attachment-full size-full wp-image-14482 wvs-archive-product-image\" alt=\"\" srcset=\"https:\/\/rarename.shop\/wp-content\/uploads\/2026\/03\/S9338a68de641435994514d4794450f6bE.webp 1000w, https:\/\/rarename.shop\/wp-content\/uploads\/2026\/03\/S9338a68de641435994514d4794450f6bE-300x300.webp 300w, https:\/\/rarename.shop\/wp-content\/uploads\/2026\/03\/S9338a68de641435994514d4794450f6bE-150x150.webp 150w, https:\/\/rarename.shop\/wp-content\/uploads\/2026\/03\/S9338a68de641435994514d4794450f6bE-768x768.webp 768w, https:\/\/rarename.shop\/wp-content\/uploads\/2026\/03\/S9338a68de641435994514d4794450f6bE-12x12.webp 12w, https:\/\/rarename.shop\/wp-content\/uploads\/2026\/03\/S9338a68de641435994514d4794450f6bE-600x600.webp 600w, https:\/\/rarename.shop\/wp-content\/uploads\/2026\/03\/S9338a68de641435994514d4794450f6bE-100x100.webp 100w, https:\/\/rarename.shop\/wp-content\/uploads\/2026\/03\/S9338a68de641435994514d4794450f6bE-50x50.webp 50w, https:\/\/rarename.shop\/wp-content\/uploads\/2026\/03\/S9338a68de641435994514d4794450f6bE-1x1.webp 1w, https:\/\/rarename.shop\/wp-content\/uploads\/2026\/03\/S9338a68de641435994514d4794450f6bE-10x10.webp 10w\" sizes=\"auto, (max-width: 1000px) 100vw, 1000px\" \/>\t\t\t\t\t\t\t\t\t\t\t\t\t\t\t<\/div>\n\t\t\t\t<\/div>\n\t\t\t\t<div class=\"elementor-element elementor-element-3156928a elementor-widget elementor-widget-image\" data-id=\"3156928a\" data-element_type=\"widget\" data-settings=\"{&quot;ekit_we_effect_on&quot;:&quot;none&quot;}\" data-widget_type=\"image.default\">\n\t\t\t\t<div class=\"elementor-widget-container\">\n\t\t\t\t\t\t\t\t\t\t\t\t\t\t\t<img loading=\"lazy\" decoding=\"async\" width=\"1001\" height=\"931\" src=\"https:\/\/rarename.shop\/wp-content\/uploads\/2026\/03\/61jXgmP-wWL._AC_SL1001_.jpg\" class=\"attachment-full size-full wp-image-14483 wvs-archive-product-image\" alt=\"\" srcset=\"https:\/\/rarename.shop\/wp-content\/uploads\/2026\/03\/61jXgmP-wWL._AC_SL1001_.jpg 1001w, https:\/\/rarename.shop\/wp-content\/uploads\/2026\/03\/61jXgmP-wWL._AC_SL1001_-300x279.jpg 300w, https:\/\/rarename.shop\/wp-content\/uploads\/2026\/03\/61jXgmP-wWL._AC_SL1001_-768x714.jpg 768w, https:\/\/rarename.shop\/wp-content\/uploads\/2026\/03\/61jXgmP-wWL._AC_SL1001_-13x12.jpg 13w, https:\/\/rarename.shop\/wp-content\/uploads\/2026\/03\/61jXgmP-wWL._AC_SL1001_-600x558.jpg 600w, https:\/\/rarename.shop\/wp-content\/uploads\/2026\/03\/61jXgmP-wWL._AC_SL1001_-1x1.jpg 1w, https:\/\/rarename.shop\/wp-content\/uploads\/2026\/03\/61jXgmP-wWL._AC_SL1001_-10x10.jpg 10w\" sizes=\"auto, (max-width: 1001px) 100vw, 1001px\" \/>\t\t\t\t\t\t\t\t\t\t\t\t\t\t\t<\/div>\n\t\t\t\t<\/div>\n\t\t\t\t<div class=\"elementor-element elementor-element-50ddd40b elementor-widget elementor-widget-text-editor\" data-id=\"50ddd40b\" data-element_type=\"widget\" data-settings=\"{&quot;ekit_we_effect_on&quot;:&quot;none&quot;}\" data-widget_type=\"text-editor.default\">\n\t\t\t\t<div class=\"elementor-widget-container\">\n\t\t\t\t\t\t\t\t\t\n<table class=\"specs-table\">\n    <tr>\n        <td>Material<\/td>\n        <td><span class=\"material-badge\">Pl\u00e1stico<\/span><\/td>\n    <\/tr>\n    <tr>\n        <td>Tipo de art\u00edculo<\/td>\n        <td><span class=\"type-badge\">L\u00e1mina Protectora para Pintura<\/span><\/td>\n    <\/tr>\n    <tr>\n        <td>Funciones<\/td>\n        <td>\n            <div class=\"functions-container\">\n                <span class=\"function-tag\">Recubrimiento cer\u00e1mico para coches<\/span>\n                <span class=\"function-tag\">Pulido de pintura<\/span>\n                <span class=\"function-tag\">Eliminador de ara\u00f1azos<\/span>\n                <span class=\"function-tag\">Eliminaci\u00f3n de manchas de sol<\/span>\n            <\/div>\n        <\/td>\n    <\/tr>\n    <tr>\n        <td>Caracter\u00edsticas especiales<\/td>\n        <td><span class=\"special-feature\">Revestimiento de pulido de pintura<\/span><\/td>\n    <\/tr>\n    <tr>\n        <td>Dimensiones<\/td>\n        <td>\n            <div class=\"dimensions-container\">\n                <div class=\"dimension-item\">\n                    <span class=\"dimension-label\">Di\u00e1metro:<\/span>\n                    <span class=\"dimension-value\">5 cm<\/span>\n                <\/div>\n                <div class=\"dimension-item\">\n                    <span class=\"dimension-label\">Altura:<\/span>\n                    <span class=\"dimension-value\">10 cm<\/span>\n                <\/div>\n                <div class=\"dimension-item\">\n                    <span class=\"dimension-label\">Ancho:<\/span>\n                    <span class=\"dimension-value\">5 cm<\/span>\n                <\/div>\n                <div class=\"dimension-item\">\n                    <span class=\"dimension-label\">Longitud:<\/span>\n                    <span class=\"dimension-value\">15 cm<\/span>\n                <\/div>\n            <\/div>\n        <\/td>\n    <\/tr>\n<\/table>\n\n<style>\n    .specs-table {\n        width: 100%;\n        border-collapse: collapse;\n        font-family: 'Segoe UI', Arial, sans-serif;\n        font-size: 14px;\n    }\n    .specs-table tr {\n        border-bottom: 1px solid #e0e0e0;\n    }\n    .specs-table td {\n        padding: 12px 0;\n        text-align: left;\n        vertical-align: top;\n    }\n    .specs-table td:first-child {\n        font-weight: 600;\n        width: 35%;\n        color: #2c3e50;\n    }\n    .specs-table td:last-child {\n        width: 65%;\n    }\n    .material-badge {\n        background-color: #f5f5f5;\n        color: #424242;\n        padding: 8px 16px;\n        border-radius: 4px;\n        font-weight: 600;\n        display: inline-block;\n        border: 1px solid #e0e0e0;\n    }\n    .type-badge {\n        background-color: #e3f2fd;\n        color: #1565c0;\n        padding: 8px 16px;\n        border-radius: 4px;\n        font-weight: 600;\n        display: inline-block;\n        border: 1px solid #bbdefb;\n    }\n    .functions-container {\n        display: flex;\n        flex-wrap: wrap;\n        gap: 8px;\n    }\n    .function-tag {\n        background-color: #e8f5e9;\n        color: #2e7d32;\n        padding: 6px 12px;\n        border-radius: 15px;\n        font-size: 13px;\n        display: inline-block;\n        border: 1px solid #c8e6c9;\n    }\n    .special-feature {\n        background-color: #fff8e1;\n        color: #ff8f00;\n        padding: 8px 16px;\n        border-radius: 4px;\n        font-weight: 600;\n        display: inline-block;\n        border: 1px solid #ffecb3;\n    }\n    .dimensions-container {\n        display: grid;\n        grid-template-columns: repeat(2, 1fr);\n        gap: 10px;\n    }\n    .dimension-item {\n        background-color: #f9f9f9;\n        padding: 10px 12px;\n        border-radius: 4px;\n        border: 1px solid #eee;\n    }\n    .dimension-label {\n        display: block;\n        font-weight: 600;\n        color: #555;\n        margin-bottom: 4px;\n        font-size: 13px;\n    }\n    .dimension-value {\n        font-weight: 700;\n        color: #333;\n        font-family: 'Consolas', monospace;\n        font-size: 15px;\n    }\n<\/style>\n\t\t\t\t\t\t\t\t<\/div>\n\t\t\t\t<\/div>\n\t\t\t\t\t<\/div>\n\t\t\t\t<\/div>\n\t\t\t\t<\/div>","protected":false},"excerpt":{"rendered":"<p>Material Plastic Tipo de art\u00edculo L\u00e1mina Protectora para Pintura Functions Car ceramic coating Paint polishing Car scratch remover Sunstain removal&#8230;<\/p>","protected":false},"featured_media":14467,"comment_status":"open","ping_status":"closed","template":"","meta":{"_acf_changed":false},"etheme_brands":[],"product_brand":[],"product_cat":[118],"product_tag":[],"class_list":{"0":"post-14466","1":"product","2":"type-product","3":"status-publish","4":"has-post-thumbnail","6":"product_cat-sale-shop","8":"first","9":"instock","10":"sale","11":"shipping-taxable","12":"purchasable","13":"product-type-simple"},"acf":[],"_links":{"self":[{"href":"https:\/\/rarename.shop\/es\/wp-json\/wp\/v2\/product\/14466","targetHints":{"allow":["GET"]}}],"collection":[{"href":"https:\/\/rarename.shop\/es\/wp-json\/wp\/v2\/product"}],"about":[{"href":"https:\/\/rarename.shop\/es\/wp-json\/wp\/v2\/types\/product"}],"replies":[{"embeddable":true,"href":"https:\/\/rarename.shop\/es\/wp-json\/wp\/v2\/comments?post=14466"}],"version-history":[{"count":4,"href":"https:\/\/rarename.shop\/es\/wp-json\/wp\/v2\/product\/14466\/revisions"}],"predecessor-version":[{"id":14491,"href":"https:\/\/rarename.shop\/es\/wp-json\/wp\/v2\/product\/14466\/revisions\/14491"}],"wp:featuredmedia":[{"embeddable":true,"href":"https:\/\/rarename.shop\/es\/wp-json\/wp\/v2\/media\/14467"}],"wp:attachment":[{"href":"https:\/\/rarename.shop\/es\/wp-json\/wp\/v2\/media?parent=14466"}],"wp:term":[{"taxonomy":"brand","embeddable":true,"href":"https:\/\/rarename.shop\/es\/wp-json\/wp\/v2\/etheme_brands?post=14466"},{"taxonomy":"product_brand","embeddable":true,"href":"https:\/\/rarename.shop\/es\/wp-json\/wp\/v2\/product_brand?post=14466"},{"taxonomy":"product_cat","embeddable":true,"href":"https:\/\/rarename.shop\/es\/wp-json\/wp\/v2\/product_cat?post=14466"},{"taxonomy":"product_tag","embeddable":true,"href":"https:\/\/rarename.shop\/es\/wp-json\/wp\/v2\/product_tag?post=14466"}],"curies":[{"name":"wp","href":"https:\/\/api.w.org\/{rel}","templated":true}]}}