{"id":14675,"date":"2026-04-18T03:19:52","date_gmt":"2026-04-18T03:19:52","guid":{"rendered":"https:\/\/rarename.shop\/?post_type=product&#038;p=14675"},"modified":"2026-04-18T03:25:44","modified_gmt":"2026-04-18T03:25:44","slug":"philips-oneblade-face-360-recortadora-de-pelo-facial-1-cuchilla-extra-peine-5-en-1-estuche-suave-qp2734-31","status":"publish","type":"product","link":"https:\/\/rarename.shop\/es\/producto\/philips-oneblade-face-360-recortadora-de-pelo-facial-1-cuchilla-extra-peine-5-en-1-estuche-suave-qp2734-31\/","title":{"rendered":"Philips OneBlade Face 360 Recortadora de pelo facial + 1 cuchilla extra, peine 5 en 1, estuche suave - QP2734\/31"},"content":{"rendered":"<div data-elementor-type=\"product-post\" data-elementor-id=\"14675\" class=\"elementor elementor-14675\" data-elementor-post-type=\"product\">\n\t\t\t\t<div class=\"elementor-element elementor-element-41fad3fc e-flex e-con-boxed e-con e-parent\" data-id=\"41fad3fc\" data-element_type=\"container\" data-settings=\"{&quot;ekit_has_onepagescroll_dot&quot;:&quot;yes&quot;}\">\n\t\t\t\t\t<div class=\"e-con-inner\">\n\t\t<div class=\"elementor-element elementor-element-3a07a003 e-grid e-con-full e-con e-child\" data-id=\"3a07a003\" data-element_type=\"container\" data-settings=\"{&quot;ekit_has_onepagescroll_dot&quot;:&quot;yes&quot;}\">\n\t\t\t\t<div class=\"elementor-element elementor-element-319372bc elementor-widget elementor-widget-video\" data-id=\"319372bc\" data-element_type=\"widget\" data-settings=\"{&quot;video_type&quot;:&quot;hosted&quot;,&quot;controls&quot;:&quot;yes&quot;,&quot;ekit_we_effect_on&quot;:&quot;none&quot;}\" data-widget_type=\"video.default\">\n\t\t\t\t<div class=\"elementor-widget-container\">\n\t\t\t\t\t\t\t<div class=\"e-hosted-video elementor-wrapper elementor-open-inline\">\n\t\t\t\t\t<video class=\"elementor-video\" src=\"https:\/\/rarename.shop\/wp-content\/uploads\/2026\/04\/1828ed2687b6687494614e89bfe6fc73276ba4a5.mp4\" controls=\"\" preload=\"metadata\" controlslist=\"nodownload\"><\/video>\n\t\t\t\t<\/div>\n\t\t\t\t\t\t<\/div>\n\t\t\t\t<\/div>\n\t\t\t\t<div class=\"elementor-element elementor-element-4bd73f49 elementor-widget elementor-widget-text-editor\" data-id=\"4bd73f49\" data-element_type=\"widget\" data-settings=\"{&quot;ekit_we_effect_on&quot;:&quot;none&quot;}\" data-widget_type=\"text-editor.default\">\n\t\t\t\t<div class=\"elementor-widget-container\">\n\t\t\t\t\t\t\t\t\t<div class=\"elementor-widget-container\">\n# Lo m\u00e1s destacado\n<div class=\"product-table\">\n<div class=\"product-row\">\n<div class=\"product-label\"><strong>Recuento de unidades<\/strong><\/div>\n<div class=\"product-value\"><strong>1.0 Recuento<\/strong><\/div>\n<\/div>\n<div class=\"product-row\">\n<div class=\"product-label\"><strong>Usos recomendados del producto<\/strong><\/div>\n<div class=\"product-value\"><strong>Barba, Cara, Bigote, Patillas<\/strong><\/div>\n<\/div>\n<div class=\"product-row\">\n<div class=\"product-label\"><strong>Reportaje especial<\/strong><\/div>\n<div class=\"product-value\"><strong>Impermeable<\/strong><\/div>\n<\/div>\n<div class=\"product-row\">\n<div class=\"product-label\"><strong>Fuente de energ\u00eda<\/strong><\/div>\n<div class=\"product-value\"><strong>Funciona con pilas<\/strong><\/div>\n<\/div>\n<div class=\"product-row\">\n<div class=\"product-label\"><strong>Componentes incluidos<\/strong><\/div>\n<div class=\"product-value\"><strong>Adjunto<\/strong><\/div>\n<\/div>\n<\/div>\n<style>\n.product-table {\nwidth: 100%;\nborder-top: 1px solid #000;\nfont-family: Arial, sans-serif;\n}\n.product-row {\ndisplay: flex;\nborder-bottom: 1px solid #000;\npadding: 12px 0;\n}\n.product-label {\nflex: 1;\nfont-weight: bold;\nmin-width: 200px;\npadding-right: 20px;\n}\n.product-value {\nflex: 1;\nmin-width: 200px;\n}\n<\/style>\t\t\t\t\t\t\t\t<\/div>\n\t\t\t\t<\/div>\n\t\t\t\t<\/div>\n\t\t\t\t\t<\/div>\n\t\t\t\t<\/div>\n\t\t<div class=\"elementor-element elementor-element-25d1a70b e-flex e-con-boxed e-con e-parent\" data-id=\"25d1a70b\" data-element_type=\"container\" data-settings=\"{&quot;ekit_has_onepagescroll_dot&quot;:&quot;yes&quot;}\">\n\t\t\t\t\t<div class=\"e-con-inner\">\n\t\t\t\t<div class=\"elementor-element elementor-element-754f7990 elementor-widget elementor-widget-image\" data-id=\"754f7990\" data-element_type=\"widget\" data-settings=\"{&quot;ekit_we_effect_on&quot;:&quot;none&quot;}\" data-widget_type=\"image.default\">\n\t\t\t\t<div class=\"elementor-widget-container\">\n\t\t\t\t\t\t\t\t\t\t\t\t\t\t\t<img loading=\"lazy\" decoding=\"async\" width=\"970\" height=\"600\" src=\"https:\/\/rarename.shop\/wp-content\/uploads\/2026\/04\/6b753dff-fe90-4464-a5b8-2f9e51254b34.__CR00970600_PT0_SX970_V1___.jpg\" class=\"attachment-full size-full wp-image-14687 wvs-archive-product-image\" alt=\"\" srcset=\"https:\/\/rarename.shop\/wp-content\/uploads\/2026\/04\/6b753dff-fe90-4464-a5b8-2f9e51254b34.__CR00970600_PT0_SX970_V1___.jpg 970w, https:\/\/rarename.shop\/wp-content\/uploads\/2026\/04\/6b753dff-fe90-4464-a5b8-2f9e51254b34.__CR00970600_PT0_SX970_V1___-300x186.jpg 300w, https:\/\/rarename.shop\/wp-content\/uploads\/2026\/04\/6b753dff-fe90-4464-a5b8-2f9e51254b34.__CR00970600_PT0_SX970_V1___-768x475.jpg 768w, https:\/\/rarename.shop\/wp-content\/uploads\/2026\/04\/6b753dff-fe90-4464-a5b8-2f9e51254b34.__CR00970600_PT0_SX970_V1___-18x12.jpg 18w, https:\/\/rarename.shop\/wp-content\/uploads\/2026\/04\/6b753dff-fe90-4464-a5b8-2f9e51254b34.__CR00970600_PT0_SX970_V1___-600x371.jpg 600w, https:\/\/rarename.shop\/wp-content\/uploads\/2026\/04\/6b753dff-fe90-4464-a5b8-2f9e51254b34.__CR00970600_PT0_SX970_V1___-1x1.jpg 1w, https:\/\/rarename.shop\/wp-content\/uploads\/2026\/04\/6b753dff-fe90-4464-a5b8-2f9e51254b34.__CR00970600_PT0_SX970_V1___-10x6.jpg 10w\" sizes=\"auto, (max-width: 970px) 100vw, 970px\" \/>\t\t\t\t\t\t\t\t\t\t\t\t\t\t\t<\/div>\n\t\t\t\t<\/div>\n\t\t\t\t<div class=\"elementor-element elementor-element-2514953 elementor-widget elementor-widget-image\" data-id=\"2514953\" data-element_type=\"widget\" data-settings=\"{&quot;ekit_we_effect_on&quot;:&quot;none&quot;}\" data-widget_type=\"image.default\">\n\t\t\t\t<div class=\"elementor-widget-container\">\n\t\t\t\t\t\t\t\t\t\t\t\t\t\t\t<img loading=\"lazy\" decoding=\"async\" width=\"970\" height=\"300\" src=\"https:\/\/rarename.shop\/wp-content\/uploads\/2026\/04\/0dd097f8-fb0f-4abc-b4f0-7ee78ab965a2.__CR00970300_PT0_SX970_V1___.jpg\" class=\"attachment-full size-full wp-image-14688 wvs-archive-product-image\" alt=\"\" srcset=\"https:\/\/rarename.shop\/wp-content\/uploads\/2026\/04\/0dd097f8-fb0f-4abc-b4f0-7ee78ab965a2.__CR00970300_PT0_SX970_V1___.jpg 970w, https:\/\/rarename.shop\/wp-content\/uploads\/2026\/04\/0dd097f8-fb0f-4abc-b4f0-7ee78ab965a2.__CR00970300_PT0_SX970_V1___-300x93.jpg 300w, https:\/\/rarename.shop\/wp-content\/uploads\/2026\/04\/0dd097f8-fb0f-4abc-b4f0-7ee78ab965a2.__CR00970300_PT0_SX970_V1___-768x238.jpg 768w, https:\/\/rarename.shop\/wp-content\/uploads\/2026\/04\/0dd097f8-fb0f-4abc-b4f0-7ee78ab965a2.__CR00970300_PT0_SX970_V1___-18x6.jpg 18w, https:\/\/rarename.shop\/wp-content\/uploads\/2026\/04\/0dd097f8-fb0f-4abc-b4f0-7ee78ab965a2.__CR00970300_PT0_SX970_V1___-600x186.jpg 600w, https:\/\/rarename.shop\/wp-content\/uploads\/2026\/04\/0dd097f8-fb0f-4abc-b4f0-7ee78ab965a2.__CR00970300_PT0_SX970_V1___-1x1.jpg 1w, https:\/\/rarename.shop\/wp-content\/uploads\/2026\/04\/0dd097f8-fb0f-4abc-b4f0-7ee78ab965a2.__CR00970300_PT0_SX970_V1___-10x3.jpg 10w\" sizes=\"auto, (max-width: 970px) 100vw, 970px\" \/>\t\t\t\t\t\t\t\t\t\t\t\t\t\t\t<\/div>\n\t\t\t\t<\/div>\n\t\t\t\t<div class=\"elementor-element elementor-element-6076db9b elementor-widget elementor-widget-heading\" data-id=\"6076db9b\" data-element_type=\"widget\" data-settings=\"{&quot;ekit_we_effect_on&quot;:&quot;none&quot;}\" data-widget_type=\"heading.default\">\n\t\t\t\t<div class=\"elementor-widget-container\">\n\t\t\t\t\t<h2 class=\"elementor-heading-title elementor-size-default\">Para Rostro y Cuerpo: Versatilidad Total <\/h2>\t\t\t\t<\/div>\n\t\t\t\t<\/div>\n\t\t\t\t<div class=\"elementor-element elementor-element-cd98ef5 elementor-widget elementor-widget-text-editor\" data-id=\"cd98ef5\" data-element_type=\"widget\" data-settings=\"{&quot;ekit_we_effect_on&quot;:&quot;none&quot;}\" data-widget_type=\"text-editor.default\">\n\t\t\t\t<div class=\"elementor-widget-container\">\n\t\t\t\t\t\t\t\t\t<p>Este modelo incluye accesorios espec\u00edficos para el cuerpo. Incluye un\u00a0<strong>peine corporal<\/strong>\u00a0(normalmente de 3 mm) y un\u00a0<strong>skin protector<\/strong>\u00a0que proporciona una capa extra de seguridad al recortar las zonas m\u00e1s sensibles (como las axilas o el \u00e1rea pectoral). Es completamente\u00a0<strong>impermeable (IPX7)<\/strong>\u00a0, por lo que puedes usarlo sin miedo en la ducha<\/p>\t\t\t\t\t\t\t\t<\/div>\n\t\t\t\t<\/div>\n\t\t\t\t<div class=\"elementor-element elementor-element-6528c4a5 elementor-widget elementor-widget-image\" data-id=\"6528c4a5\" data-element_type=\"widget\" data-settings=\"{&quot;ekit_we_effect_on&quot;:&quot;none&quot;}\" data-widget_type=\"image.default\">\n\t\t\t\t<div class=\"elementor-widget-container\">\n\t\t\t\t\t\t\t\t\t\t\t\t\t\t\t<img loading=\"lazy\" decoding=\"async\" width=\"970\" height=\"600\" src=\"https:\/\/rarename.shop\/wp-content\/uploads\/2026\/04\/4c340cea-c6bb-4246-989d-af18809a6189.__CR0019401200_PT0_SX970_V1___.jpg\" class=\"attachment-full size-full wp-image-14689 wvs-archive-product-image\" alt=\"\" srcset=\"https:\/\/rarename.shop\/wp-content\/uploads\/2026\/04\/4c340cea-c6bb-4246-989d-af18809a6189.__CR0019401200_PT0_SX970_V1___.jpg 970w, https:\/\/rarename.shop\/wp-content\/uploads\/2026\/04\/4c340cea-c6bb-4246-989d-af18809a6189.__CR0019401200_PT0_SX970_V1___-300x186.jpg 300w, https:\/\/rarename.shop\/wp-content\/uploads\/2026\/04\/4c340cea-c6bb-4246-989d-af18809a6189.__CR0019401200_PT0_SX970_V1___-768x475.jpg 768w, https:\/\/rarename.shop\/wp-content\/uploads\/2026\/04\/4c340cea-c6bb-4246-989d-af18809a6189.__CR0019401200_PT0_SX970_V1___-18x12.jpg 18w, https:\/\/rarename.shop\/wp-content\/uploads\/2026\/04\/4c340cea-c6bb-4246-989d-af18809a6189.__CR0019401200_PT0_SX970_V1___-600x371.jpg 600w, https:\/\/rarename.shop\/wp-content\/uploads\/2026\/04\/4c340cea-c6bb-4246-989d-af18809a6189.__CR0019401200_PT0_SX970_V1___-1x1.jpg 1w, https:\/\/rarename.shop\/wp-content\/uploads\/2026\/04\/4c340cea-c6bb-4246-989d-af18809a6189.__CR0019401200_PT0_SX970_V1___-10x6.jpg 10w\" sizes=\"auto, (max-width: 970px) 100vw, 970px\" \/>\t\t\t\t\t\t\t\t\t\t\t\t\t\t\t<\/div>\n\t\t\t\t<\/div>\n\t\t\t\t\t<\/div>\n\t\t\t\t<\/div>\n\t\t<div class=\"elementor-element elementor-element-45735dd9 e-flex e-con-boxed e-con e-parent\" data-id=\"45735dd9\" data-element_type=\"container\" data-settings=\"{&quot;ekit_has_onepagescroll_dot&quot;:&quot;yes&quot;}\">\n\t\t\t\t\t<div class=\"e-con-inner\">\n\t\t<div class=\"elementor-element elementor-element-585c7dc1 e-grid e-con-full e-con e-child\" data-id=\"585c7dc1\" data-element_type=\"container\" data-settings=\"{&quot;ekit_has_onepagescroll_dot&quot;:&quot;yes&quot;}\">\n\t\t\t\t<div class=\"elementor-element elementor-element-5abe7e88 elementor-position-top elementor-widget elementor-widget-image-box\" data-id=\"5abe7e88\" data-element_type=\"widget\" data-settings=\"{&quot;ekit_we_effect_on&quot;:&quot;none&quot;}\" data-widget_type=\"image-box.default\">\n\t\t\t\t<div class=\"elementor-widget-container\">\n\t\t\t\t\t<div class=\"elementor-image-box-wrapper\"><figure class=\"elementor-image-box-img\"><img loading=\"lazy\" decoding=\"async\" width=\"2000\" height=\"2000\" src=\"https:\/\/rarename.shop\/wp-content\/uploads\/2026\/04\/8decc533-4bb5-41bf-9ddd-fb12ea103935.a15c89eb494653ff1ef6ac3d91730027.webp\" class=\"attachment-full size-full wp-image-14690 wvs-archive-product-image\" alt=\"\" srcset=\"https:\/\/rarename.shop\/wp-content\/uploads\/2026\/04\/8decc533-4bb5-41bf-9ddd-fb12ea103935.a15c89eb494653ff1ef6ac3d91730027.webp 2000w, https:\/\/rarename.shop\/wp-content\/uploads\/2026\/04\/8decc533-4bb5-41bf-9ddd-fb12ea103935.a15c89eb494653ff1ef6ac3d91730027-300x300.webp 300w, https:\/\/rarename.shop\/wp-content\/uploads\/2026\/04\/8decc533-4bb5-41bf-9ddd-fb12ea103935.a15c89eb494653ff1ef6ac3d91730027-1024x1024.webp 1024w, https:\/\/rarename.shop\/wp-content\/uploads\/2026\/04\/8decc533-4bb5-41bf-9ddd-fb12ea103935.a15c89eb494653ff1ef6ac3d91730027-150x150.webp 150w, https:\/\/rarename.shop\/wp-content\/uploads\/2026\/04\/8decc533-4bb5-41bf-9ddd-fb12ea103935.a15c89eb494653ff1ef6ac3d91730027-768x768.webp 768w, https:\/\/rarename.shop\/wp-content\/uploads\/2026\/04\/8decc533-4bb5-41bf-9ddd-fb12ea103935.a15c89eb494653ff1ef6ac3d91730027-1536x1536.webp 1536w, https:\/\/rarename.shop\/wp-content\/uploads\/2026\/04\/8decc533-4bb5-41bf-9ddd-fb12ea103935.a15c89eb494653ff1ef6ac3d91730027-12x12.webp 12w, https:\/\/rarename.shop\/wp-content\/uploads\/2026\/04\/8decc533-4bb5-41bf-9ddd-fb12ea103935.a15c89eb494653ff1ef6ac3d91730027-600x600.webp 600w, https:\/\/rarename.shop\/wp-content\/uploads\/2026\/04\/8decc533-4bb5-41bf-9ddd-fb12ea103935.a15c89eb494653ff1ef6ac3d91730027-100x100.webp 100w, https:\/\/rarename.shop\/wp-content\/uploads\/2026\/04\/8decc533-4bb5-41bf-9ddd-fb12ea103935.a15c89eb494653ff1ef6ac3d91730027-50x50.webp 50w, https:\/\/rarename.shop\/wp-content\/uploads\/2026\/04\/8decc533-4bb5-41bf-9ddd-fb12ea103935.a15c89eb494653ff1ef6ac3d91730027-1x1.webp 1w, https:\/\/rarename.shop\/wp-content\/uploads\/2026\/04\/8decc533-4bb5-41bf-9ddd-fb12ea103935.a15c89eb494653ff1ef6ac3d91730027-10x10.webp 10w\" sizes=\"auto, (max-width: 2000px) 100vw, 2000px\" \/><\/figure><div class=\"elementor-image-box-content\"><h3 class=\"elementor-image-box-title\">Bater\u00eda de Larga Duraci\u00f3n <\/h3><p class=\"elementor-image-box-description\">Con una bater\u00eda de iones de litio, disfruta de hasta 60 minutos de uso ininterrumpido con una sola carga. \u00bfSe acab\u00f3 la bater\u00eda? No te preocupes, su carga r\u00e1pida por USB te permite conectarlo al port\u00e1til, al coche o a cualquier cargador, ideal para viajes o para el d\u00eda a d\u00eda <\/p><\/div><\/div>\t\t\t\t<\/div>\n\t\t\t\t<\/div>\n\t\t\t\t<div class=\"elementor-element elementor-element-1303c5a elementor-position-top elementor-widget elementor-widget-image-box\" data-id=\"1303c5a\" data-element_type=\"widget\" data-settings=\"{&quot;ekit_we_effect_on&quot;:&quot;none&quot;}\" data-widget_type=\"image-box.default\">\n\t\t\t\t<div class=\"elementor-widget-container\">\n\t\t\t\t\t<div class=\"elementor-image-box-wrapper\"><figure class=\"elementor-image-box-img\"><img loading=\"lazy\" decoding=\"async\" width=\"2000\" height=\"2000\" src=\"https:\/\/rarename.shop\/wp-content\/uploads\/2026\/04\/568f4619-7d7e-493c-a171-c00325fb1ecc.c8afa3f7b9de860f5b5e7d819fa50761-1.webp\" class=\"attachment-full size-full wp-image-14691 wvs-archive-product-image\" alt=\"\" srcset=\"https:\/\/rarename.shop\/wp-content\/uploads\/2026\/04\/568f4619-7d7e-493c-a171-c00325fb1ecc.c8afa3f7b9de860f5b5e7d819fa50761-1.webp 2000w, https:\/\/rarename.shop\/wp-content\/uploads\/2026\/04\/568f4619-7d7e-493c-a171-c00325fb1ecc.c8afa3f7b9de860f5b5e7d819fa50761-1-300x300.webp 300w, https:\/\/rarename.shop\/wp-content\/uploads\/2026\/04\/568f4619-7d7e-493c-a171-c00325fb1ecc.c8afa3f7b9de860f5b5e7d819fa50761-1-1024x1024.webp 1024w, https:\/\/rarename.shop\/wp-content\/uploads\/2026\/04\/568f4619-7d7e-493c-a171-c00325fb1ecc.c8afa3f7b9de860f5b5e7d819fa50761-1-150x150.webp 150w, https:\/\/rarename.shop\/wp-content\/uploads\/2026\/04\/568f4619-7d7e-493c-a171-c00325fb1ecc.c8afa3f7b9de860f5b5e7d819fa50761-1-768x768.webp 768w, https:\/\/rarename.shop\/wp-content\/uploads\/2026\/04\/568f4619-7d7e-493c-a171-c00325fb1ecc.c8afa3f7b9de860f5b5e7d819fa50761-1-1536x1536.webp 1536w, https:\/\/rarename.shop\/wp-content\/uploads\/2026\/04\/568f4619-7d7e-493c-a171-c00325fb1ecc.c8afa3f7b9de860f5b5e7d819fa50761-1-12x12.webp 12w, https:\/\/rarename.shop\/wp-content\/uploads\/2026\/04\/568f4619-7d7e-493c-a171-c00325fb1ecc.c8afa3f7b9de860f5b5e7d819fa50761-1-600x600.webp 600w, https:\/\/rarename.shop\/wp-content\/uploads\/2026\/04\/568f4619-7d7e-493c-a171-c00325fb1ecc.c8afa3f7b9de860f5b5e7d819fa50761-1-100x100.webp 100w, https:\/\/rarename.shop\/wp-content\/uploads\/2026\/04\/568f4619-7d7e-493c-a171-c00325fb1ecc.c8afa3f7b9de860f5b5e7d819fa50761-1-50x50.webp 50w, https:\/\/rarename.shop\/wp-content\/uploads\/2026\/04\/568f4619-7d7e-493c-a171-c00325fb1ecc.c8afa3f7b9de860f5b5e7d819fa50761-1-1x1.webp 1w, https:\/\/rarename.shop\/wp-content\/uploads\/2026\/04\/568f4619-7d7e-493c-a171-c00325fb1ecc.c8afa3f7b9de860f5b5e7d819fa50761-1-10x10.webp 10w\" sizes=\"auto, (max-width: 2000px) 100vw, 2000px\" \/><\/figure><div class=\"elementor-image-box-content\"><h3 class=\"elementor-image-box-title\"> Innovadora Cuchilla 360: Flexibilidad total <\/h3><p class=\"elementor-image-box-description\">La caracter\u00edstica m\u00e1s destacada es su cuchilla 360. A diferencia de las cuchillas fijas tradicionales, esta innovadora cuchilla se flexiona en todas las direcciones. Se adapta perfectamente a los contornos de tu rostro, desde la mand\u00edbula hasta el cuello, manteniendo un contacto constante con la piel. \u00bfEl resultado? Menos pasadas, menos irritaci\u00f3n y un afeitado m\u00e1s r\u00e1pido y c\u00f3modo, incluso en las zonas de m\u00e1s dif\u00edcil acceso <\/p><\/div><\/div>\t\t\t\t<\/div>\n\t\t\t\t<\/div>\n\t\t\t\t<div class=\"elementor-element elementor-element-ca18103 elementor-position-top elementor-widget elementor-widget-image-box\" data-id=\"ca18103\" data-element_type=\"widget\" data-settings=\"{&quot;ekit_we_effect_on&quot;:&quot;none&quot;}\" data-widget_type=\"image-box.default\">\n\t\t\t\t<div class=\"elementor-widget-container\">\n\t\t\t\t\t<div class=\"elementor-image-box-wrapper\"><figure class=\"elementor-image-box-img\"><img loading=\"lazy\" decoding=\"async\" width=\"573\" height=\"573\" src=\"https:\/\/rarename.shop\/wp-content\/uploads\/2026\/04\/6e56201a-d0bf-436c-978a-0ea5d3cf3586.33fe05792004de086f132e0006288376.webp\" class=\"attachment-full size-full wp-image-14692 wvs-archive-product-image\" alt=\"\" srcset=\"https:\/\/rarename.shop\/wp-content\/uploads\/2026\/04\/6e56201a-d0bf-436c-978a-0ea5d3cf3586.33fe05792004de086f132e0006288376.webp 573w, https:\/\/rarename.shop\/wp-content\/uploads\/2026\/04\/6e56201a-d0bf-436c-978a-0ea5d3cf3586.33fe05792004de086f132e0006288376-300x300.webp 300w, https:\/\/rarename.shop\/wp-content\/uploads\/2026\/04\/6e56201a-d0bf-436c-978a-0ea5d3cf3586.33fe05792004de086f132e0006288376-150x150.webp 150w, https:\/\/rarename.shop\/wp-content\/uploads\/2026\/04\/6e56201a-d0bf-436c-978a-0ea5d3cf3586.33fe05792004de086f132e0006288376-12x12.webp 12w, https:\/\/rarename.shop\/wp-content\/uploads\/2026\/04\/6e56201a-d0bf-436c-978a-0ea5d3cf3586.33fe05792004de086f132e0006288376-100x100.webp 100w, https:\/\/rarename.shop\/wp-content\/uploads\/2026\/04\/6e56201a-d0bf-436c-978a-0ea5d3cf3586.33fe05792004de086f132e0006288376-50x50.webp 50w, https:\/\/rarename.shop\/wp-content\/uploads\/2026\/04\/6e56201a-d0bf-436c-978a-0ea5d3cf3586.33fe05792004de086f132e0006288376-1x1.webp 1w, https:\/\/rarename.shop\/wp-content\/uploads\/2026\/04\/6e56201a-d0bf-436c-978a-0ea5d3cf3586.33fe05792004de086f132e0006288376-10x10.webp 10w\" sizes=\"auto, (max-width: 573px) 100vw, 573px\" \/><\/figure><div class=\"elementor-image-box-content\"><h3 class=\"elementor-image-box-title\">Sistema 3 en 1: Recorta, Perfila y Afeita<\/h3><p class=\"elementor-image-box-description\">Afeita \uff1a \u00bfQuieres estar completamente liso? OneBlade no se afeita tan cerca como una cuchilla tradicional para evitar la irritaci\u00f3n, pero deja la piel sorprendentemente suave y c\u00f3moda .\n\nRecorta \uff1a Mant\u00e9n la barba a la longitud perfecta gracias a los peines ajustables (desde 1 mm hasta 5 mm o incluso 10 mm seg\u00fan el modelo) .\n\nPerfila\uff1a Gracias a su cuchilla de doble filo, puedes crear l\u00edneas precisas y bordes definidos en patillas, cuello y mejillas sin cambiar de herramienta <\/p><\/div><\/div>\t\t\t\t<\/div>\n\t\t\t\t<\/div>\n\t\t\t\t<\/div>\n\t\t\t\t\t<\/div>\n\t\t\t\t<\/div>\n\t\t\t\t<\/div>","protected":false},"excerpt":{"rendered":"<h2 class=\"a-size-base-plus a-text-bold\">Acerca de este art\u00edculo<\/h2>\n<div class=\"a-expander-collapsed-height a-row a-expander-container a-expander-partial-collapse-container\" data-a-expander-collapsed-height=\"300\">\n<div class=\"a-expander-content a-expander-partial-collapse-content\" data-expanded=\"false\">\n<ul class=\"a-unordered-list a-vertical a-spacing-mini\">\n<li class=\"a-spacing-mini\"><span class=\"a-list-item\">EL PAQUETE INCLUYE: 1 mango recortador, 3 cuchillas de acero inoxidable 360, 1 cuchilla fija de acero Stanless para el cuerpo, peine 5 en 1, kit corporal (peine corporal, protector de piel para zonas sensibles), cable de carga USB-A incluido (adaptador de corriente de pared no incluido).<\/span><\/li>\n<li class=\"a-spacing-mini\"><span class=\"a-list-item\">OneBlade 360 Face + Body recargable puede recortar, bordear y afeitar cualquier longitud de vello. El afeitado no es demasiado apurado para que tu piel se mantenga c\u00f3moda.<\/span><\/li>\n<\/ul>\n<\/div>\n<\/div>","protected":false},"featured_media":14676,"comment_status":"open","ping_status":"closed","template":"","meta":{"_acf_changed":false},"etheme_brands":[],"product_brand":[],"product_cat":[127,118],"product_tag":[],"class_list":{"0":"post-14675","1":"product","2":"type-product","3":"status-publish","4":"has-post-thumbnail","6":"product_cat-dao","7":"product_cat-sale-shop","9":"first","10":"instock","11":"sale","12":"shipping-taxable","13":"purchasable","14":"product-type-simple"},"acf":[],"_links":{"self":[{"href":"https:\/\/rarename.shop\/es\/wp-json\/wp\/v2\/product\/14675","targetHints":{"allow":["GET"]}}],"collection":[{"href":"https:\/\/rarename.shop\/es\/wp-json\/wp\/v2\/product"}],"about":[{"href":"https:\/\/rarename.shop\/es\/wp-json\/wp\/v2\/types\/product"}],"replies":[{"embeddable":true,"href":"https:\/\/rarename.shop\/es\/wp-json\/wp\/v2\/comments?post=14675"}],"version-history":[{"count":4,"href":"https:\/\/rarename.shop\/es\/wp-json\/wp\/v2\/product\/14675\/revisions"}],"predecessor-version":[{"id":14698,"href":"https:\/\/rarename.shop\/es\/wp-json\/wp\/v2\/product\/14675\/revisions\/14698"}],"wp:featuredmedia":[{"embeddable":true,"href":"https:\/\/rarename.shop\/es\/wp-json\/wp\/v2\/media\/14676"}],"wp:attachment":[{"href":"https:\/\/rarename.shop\/es\/wp-json\/wp\/v2\/media?parent=14675"}],"wp:term":[{"taxonomy":"brand","embeddable":true,"href":"https:\/\/rarename.shop\/es\/wp-json\/wp\/v2\/etheme_brands?post=14675"},{"taxonomy":"product_brand","embeddable":true,"href":"https:\/\/rarename.shop\/es\/wp-json\/wp\/v2\/product_brand?post=14675"},{"taxonomy":"product_cat","embeddable":true,"href":"https:\/\/rarename.shop\/es\/wp-json\/wp\/v2\/product_cat?post=14675"},{"taxonomy":"product_tag","embeddable":true,"href":"https:\/\/rarename.shop\/es\/wp-json\/wp\/v2\/product_tag?post=14675"}],"curies":[{"name":"wp","href":"https:\/\/api.w.org\/{rel}","templated":true}]}}